{"id":14,"date":"2026-04-27T13:52:19","date_gmt":"2026-04-27T13:52:19","guid":{"rendered":"https:\/\/orotest.doppiavvu.it\/?page_id=14"},"modified":"2026-04-27T14:54:05","modified_gmt":"2026-04-27T14:54:05","slug":"home","status":"publish","type":"page","link":"https:\/\/orotest.doppiavvu.it\/","title":{"rendered":"Home"},"content":{"rendered":"\t\t<div data-elementor-type=\"wp-page\" data-elementor-id=\"14\" class=\"elementor elementor-14\">\n\t\t\t\t<div class=\"elementor-element elementor-element-fe64e30 e-flex e-con-boxed e-con e-parent\" data-id=\"fe64e30\" data-element_type=\"container\" data-e-type=\"container\">\n\t\t\t\t\t<div class=\"e-con-inner\">\n\t\t\t\t<div class=\"elementor-element elementor-element-19f1a53 elementor-widget elementor-widget-image\" data-id=\"19f1a53\" data-element_type=\"widget\" data-e-type=\"widget\" data-widget_type=\"image.default\">\n\t\t\t\t\t\t\t\t\t\t\t\t\t\t\t<img fetchpriority=\"high\" decoding=\"async\" width=\"1024\" height=\"595\" src=\"https:\/\/orotest.doppiavvu.it\/wp-content\/uploads\/2026\/04\/2A-Verticalepayoff-1-1024x595.png\" class=\"attachment-large size-large wp-image-18\" alt=\"\" srcset=\"https:\/\/orotest.doppiavvu.it\/wp-content\/uploads\/2026\/04\/2A-Verticalepayoff-1-1024x595.png 1024w, https:\/\/orotest.doppiavvu.it\/wp-content\/uploads\/2026\/04\/2A-Verticalepayoff-1-300x174.png 300w, https:\/\/orotest.doppiavvu.it\/wp-content\/uploads\/2026\/04\/2A-Verticalepayoff-1-768x446.png 768w, https:\/\/orotest.doppiavvu.it\/wp-content\/uploads\/2026\/04\/2A-Verticalepayoff-1-1536x892.png 1536w, https:\/\/orotest.doppiavvu.it\/wp-content\/uploads\/2026\/04\/2A-Verticalepayoff-1-2048x1189.png 2048w\" sizes=\"(max-width: 1024px) 100vw, 1024px\" \/>\t\t\t\t\t\t\t\t\t\t\t\t\t\t\t<\/div>\n\t\t\t\t\t<\/div>\n\t\t\t\t<\/div>\n\t\t<div class=\"elementor-element elementor-element-49bfefb e-flex e-con-boxed e-con e-parent\" data-id=\"49bfefb\" data-element_type=\"container\" data-e-type=\"container\" data-settings=\"{&quot;background_background&quot;:&quot;classic&quot;}\">\n\t\t\t\t\t<div class=\"e-con-inner\">\n\t\t\t\t<div class=\"elementor-element elementor-element-3532bcc elementor-widget elementor-widget-heading\" data-id=\"3532bcc\" data-element_type=\"widget\" data-e-type=\"widget\" data-widget_type=\"heading.default\">\n\t\t\t\t\t<h1 class=\"elementor-heading-title elementor-size-default\">L\u2019Oro non \u00e8 pi\u00f9 un segreto per pochi,<br>\u00e8 il tuo futuro, protetto.<\/h1>\t\t\t\t<\/div>\n\t\t\t\t<div class=\"elementor-element elementor-element-f9dba73 elementor-widget__width-initial elementor-widget elementor-widget-text-editor\" data-id=\"f9dba73\" data-element_type=\"widget\" data-e-type=\"widget\" data-widget_type=\"text-editor.default\">\n\t\t\t\t\t\t\t\t\t<p class=\"p1\">Stiamo abbattendo le barriere del sistema finanziario tradizionale. Progetto Oro nasce per darti la cultura e gli strumenti necessari per proteggere, valorizzare e tramandare il tuo patrimonio attraverso il bene rifugio per eccellenza.<\/p>\t\t\t\t\t\t\t\t<\/div>\n\t\t\t\t<div class=\"elementor-element elementor-element-f44d865 elementor-widget elementor-widget-button\" data-id=\"f44d865\" data-element_type=\"widget\" data-e-type=\"widget\" data-widget_type=\"button.default\">\n\t\t\t\t\t\t\t\t\t\t<a class=\"elementor-button elementor-button-link elementor-size-sm\" href=\"#\">\n\t\t\t\t\t\t<span class=\"elementor-button-content-wrapper\">\n\t\t\t\t\t\t\t\t\t<span class=\"elementor-button-text\">Resta aggiornato su oro futuro<\/span>\n\t\t\t\t\t<\/span>\n\t\t\t\t\t<\/a>\n\t\t\t\t\t\t\t\t<\/div>\n\t\t\t\t\t<\/div>\n\t\t\t\t<\/div>\n\t\t<div class=\"elementor-element elementor-element-1fcaea0 e-grid e-con-boxed e-con e-parent\" data-id=\"1fcaea0\" data-element_type=\"container\" data-e-type=\"container\">\n\t\t\t\t\t<div class=\"e-con-inner\">\n\t\t<div class=\"elementor-element elementor-element-b078fb1 e-con-full e-flex e-con e-child\" data-id=\"b078fb1\" data-element_type=\"container\" data-e-type=\"container\">\n\t\t\t\t<div class=\"elementor-element elementor-element-054ac3a elementor-widget elementor-widget-heading\" data-id=\"054ac3a\" data-element_type=\"widget\" data-e-type=\"widget\" data-widget_type=\"heading.default\">\n\t\t\t\t\t<h2 class=\"elementor-heading-title elementor-size-default\">Oltre il sistema bancario: una scelta consapevole.<\/h2>\t\t\t\t<\/div>\n\t\t\t\t<div class=\"elementor-element elementor-element-c9aef95 elementor-widget__width-initial elementor-widget elementor-widget-text-editor\" data-id=\"c9aef95\" data-element_type=\"widget\" data-e-type=\"widget\" data-widget_type=\"text-editor.default\">\n\t\t\t\t\t\t\t\t\t<p class=\"ng-star-inserted\"><span class=\"ng-star-inserted\">Per troppo tempo, l&#8217;accesso alla vera protezione patrimoniale \u00e8 stato riservato ai grandi attori del sistema monetario.\u00a0<\/span><strong class=\"ng-star-inserted\"><span class=\"ng-star-inserted\">Progetto Oro<\/span><\/strong><span class=\"ng-star-inserted\">\u00a0cambia le regole del gioco. Crediamo in una divulgazione semplice, etica e trasparente, capace di rendere l\u2019oro accessibile a chiunque, indipendentemente dalla fascia di reddito.<\/span><\/p><p class=\"ng-star-inserted\"><span class=\"ng-star-inserted\">Non vogliamo sostituire la tua gestione patrimoniale attuale, vogliamo\u00a0<\/span><strong class=\"ng-star-inserted\"><span class=\"ng-star-inserted\">elevarla<\/span><\/strong><span class=\"ng-star-inserted\">. Attraverso masterclass, incontri e il supporto di professionisti d\u2019eccellenza, ti offriamo un nuovo punto di vista per difenderti dall&#8217;inflazione e dall&#8217;usura del tempo.<\/span><\/p>\t\t\t\t\t\t\t\t<\/div>\n\t\t\t\t<\/div>\n\t\t<div class=\"elementor-element elementor-element-50b2a3b e-con-full e-flex e-con e-child\" data-id=\"50b2a3b\" data-element_type=\"container\" data-e-type=\"container\" data-settings=\"{&quot;background_background&quot;:&quot;classic&quot;}\">\n\t\t\t\t<\/div>\n\t\t\t\t\t<\/div>\n\t\t\t\t<\/div>\n\t\t<div class=\"elementor-element elementor-element-73be277 e-flex e-con-boxed e-con e-parent\" data-id=\"73be277\" data-element_type=\"container\" data-e-type=\"container\" data-settings=\"{&quot;background_background&quot;:&quot;classic&quot;}\">\n\t\t\t\t\t<div class=\"e-con-inner\">\n\t\t\t\t<div class=\"elementor-element elementor-element-65f8c24 elementor-widget elementor-widget-heading\" data-id=\"65f8c24\" data-element_type=\"widget\" data-e-type=\"widget\" data-widget_type=\"heading.default\">\n\t\t\t\t\t<h2 class=\"elementor-heading-title elementor-size-default\">Un progetto intergenerazionale<\/h2>\t\t\t\t<\/div>\n\t\t<div class=\"elementor-element elementor-element-07c091e e-grid e-con-full e-con e-child\" data-id=\"07c091e\" data-element_type=\"container\" data-e-type=\"container\">\n\t\t<div class=\"elementor-element elementor-element-30e3829 e-con-full e-flex e-con e-child\" data-id=\"30e3829\" data-element_type=\"container\" data-e-type=\"container\" data-settings=\"{&quot;background_background&quot;:&quot;classic&quot;}\">\n\t\t\t\t<div class=\"elementor-element elementor-element-4289b96 elementor-view-default elementor-widget elementor-widget-icon\" data-id=\"4289b96\" data-element_type=\"widget\" data-e-type=\"widget\" data-widget_type=\"icon.default\">\n\t\t\t\t\t\t\t<div class=\"elementor-icon-wrapper\">\n\t\t\t<div class=\"elementor-icon\">\n\t\t\t<svg aria-hidden=\"true\" class=\"e-font-icon-svg e-far-circle\" viewBox=\"0 0 512 512\" xmlns=\"http:\/\/www.w3.org\/2000\/svg\"><path d=\"M256 8C119 8 8 119 8 256s111 248 248 248 248-111 248-248S393 8 256 8zm0 448c-110.5 0-200-89.5-200-200S145.5 56 256 56s200 89.5 200 200-89.5 200-200 200z\"><\/path><\/svg>\t\t\t<\/div>\n\t\t<\/div>\n\t\t\t\t\t\t<\/div>\n\t\t\t\t<div class=\"elementor-element elementor-element-392a602 elementor-widget elementor-widget-heading\" data-id=\"392a602\" data-element_type=\"widget\" data-e-type=\"widget\" data-widget_type=\"heading.default\">\n\t\t\t\t\t<h2 class=\"elementor-heading-title elementor-size-default\">Per i Giovani<\/h2>\t\t\t\t<\/div>\n\t\t\t\t<div class=\"elementor-element elementor-element-a7578b1 elementor-widget__width-initial elementor-widget elementor-widget-text-editor\" data-id=\"a7578b1\" data-element_type=\"widget\" data-e-type=\"widget\" data-widget_type=\"text-editor.default\">\n\t\t\t\t\t\t\t\t\t<p>Forniamo gli strumenti per creare basi solide e resistenti all\u2019inflazione, permettendo di costruire un domani patrimonializzato e libero dalle incertezze del sistema finanziario tradizionale.<\/p>\t\t\t\t\t\t\t\t<\/div>\n\t\t\t\t<\/div>\n\t\t<div class=\"elementor-element elementor-element-b4cc388 e-con-full e-flex e-con e-child\" data-id=\"b4cc388\" data-element_type=\"container\" data-e-type=\"container\" data-settings=\"{&quot;background_background&quot;:&quot;classic&quot;}\">\n\t\t\t\t<div class=\"elementor-element elementor-element-59abd43 elementor-view-default elementor-widget elementor-widget-icon\" data-id=\"59abd43\" data-element_type=\"widget\" data-e-type=\"widget\" data-widget_type=\"icon.default\">\n\t\t\t\t\t\t\t<div class=\"elementor-icon-wrapper\">\n\t\t\t<div class=\"elementor-icon\">\n\t\t\t<svg aria-hidden=\"true\" class=\"e-font-icon-svg e-far-circle\" viewBox=\"0 0 512 512\" xmlns=\"http:\/\/www.w3.org\/2000\/svg\"><path d=\"M256 8C119 8 8 119 8 256s111 248 248 248 248-111 248-248S393 8 256 8zm0 448c-110.5 0-200-89.5-200-200S145.5 56 256 56s200 89.5 200 200-89.5 200-200 200z\"><\/path><\/svg>\t\t\t<\/div>\n\t\t<\/div>\n\t\t\t\t\t\t<\/div>\n\t\t\t\t<div class=\"elementor-element elementor-element-a3b19c9 elementor-widget elementor-widget-heading\" data-id=\"a3b19c9\" data-element_type=\"widget\" data-e-type=\"widget\" data-widget_type=\"heading.default\">\n\t\t\t\t\t<h2 class=\"elementor-heading-title elementor-size-default\">Per Famiglie e Senior<\/h2>\t\t\t\t<\/div>\n\t\t\t\t<div class=\"elementor-element elementor-element-12f1736 elementor-widget__width-initial elementor-widget elementor-widget-text-editor\" data-id=\"12f1736\" data-element_type=\"widget\" data-e-type=\"widget\" data-widget_type=\"text-editor.default\">\n\t\t\t\t\t\t\t\t\t<p>Assicuriamo una vecchiaia serena e coerente con i sacrifici di una vita, offrendo soluzioni concrete per proteggere, valorizzare e tramandare il patrimonio familiare alle generazioni future.<\/p>\t\t\t\t\t\t\t\t<\/div>\n\t\t\t\t<\/div>\n\t\t<div class=\"elementor-element elementor-element-7707d98 e-con-full e-flex e-con e-child\" data-id=\"7707d98\" data-element_type=\"container\" data-e-type=\"container\" data-settings=\"{&quot;background_background&quot;:&quot;classic&quot;}\">\n\t\t\t\t<div class=\"elementor-element elementor-element-7cafdb4 elementor-view-default elementor-widget elementor-widget-icon\" data-id=\"7cafdb4\" data-element_type=\"widget\" data-e-type=\"widget\" data-widget_type=\"icon.default\">\n\t\t\t\t\t\t\t<div class=\"elementor-icon-wrapper\">\n\t\t\t<div class=\"elementor-icon\">\n\t\t\t<svg aria-hidden=\"true\" class=\"e-font-icon-svg e-far-circle\" viewBox=\"0 0 512 512\" xmlns=\"http:\/\/www.w3.org\/2000\/svg\"><path d=\"M256 8C119 8 8 119 8 256s111 248 248 248 248-111 248-248S393 8 256 8zm0 448c-110.5 0-200-89.5-200-200S145.5 56 256 56s200 89.5 200 200-89.5 200-200 200z\"><\/path><\/svg>\t\t\t<\/div>\n\t\t<\/div>\n\t\t\t\t\t\t<\/div>\n\t\t\t\t<div class=\"elementor-element elementor-element-d516711 elementor-widget elementor-widget-heading\" data-id=\"d516711\" data-element_type=\"widget\" data-e-type=\"widget\" data-widget_type=\"heading.default\">\n\t\t\t\t\t<h2 class=\"elementor-heading-title elementor-size-default\">Per i Professionisti<\/h2>\t\t\t\t<\/div>\n\t\t\t\t<div class=\"elementor-element elementor-element-dcd8f9f elementor-widget__width-initial elementor-widget elementor-widget-text-editor\" data-id=\"dcd8f9f\" data-element_type=\"widget\" data-e-type=\"widget\" data-widget_type=\"text-editor.default\">\n\t\t\t\t\t\t\t\t\t<p>Apriamo le porte a una carriera di prestigio e alto impatto sociale, ideale per chi desidera trasformare il proprio futuro lavorativo attraverso valori di etica e trasparenza.<\/p>\t\t\t\t\t\t\t\t<\/div>\n\t\t\t\t<\/div>\n\t\t\t\t<\/div>\n\t\t\t\t\t<\/div>\n\t\t\t\t<\/div>\n\t\t<div class=\"elementor-element elementor-element-ca742df e-flex e-con-boxed e-con e-parent\" data-id=\"ca742df\" data-element_type=\"container\" data-e-type=\"container\">\n\t\t\t\t\t<div class=\"e-con-inner\">\n\t\t\t\t<div class=\"elementor-element elementor-element-8be8bff elementor-widget elementor-widget-text-editor\" data-id=\"8be8bff\" data-element_type=\"widget\" data-e-type=\"widget\" data-widget_type=\"text-editor.default\">\n\t\t\t\t\t\t\t\t\t<p class=\"p1\">Copyright 2026 | Oro Futuro<\/p>\t\t\t\t\t\t\t\t<\/div>\n\t\t\t\t\t<\/div>\n\t\t\t\t<\/div>\n\t\t\t\t<\/div>\n\t\t","protected":false},"excerpt":{"rendered":"<p>L\u2019Oro non \u00e8 pi\u00f9 un segreto per pochi,\u00e8 il tuo futuro, protetto. Stiamo abbattendo le barriere del sistema finanziario tradizionale. Progetto Oro nasce per darti la cultura e gli strumenti necessari per proteggere, valorizzare e tramandare il tuo patrimonio attraverso il bene rifugio per eccellenza. Resta aggiornato su oro futuro Oltre il sistema bancario: una [&hellip;]<\/p>\n","protected":false},"author":1,"featured_media":0,"parent":0,"menu_order":0,"comment_status":"closed","ping_status":"closed","template":"elementor_canvas","meta":{"footnotes":""},"class_list":["post-14","page","type-page","status-publish","hentry"],"blocksy_meta":[],"_links":{"self":[{"href":"https:\/\/orotest.doppiavvu.it\/index.php?rest_route=\/wp\/v2\/pages\/14","targetHints":{"allow":["GET"]}}],"collection":[{"href":"https:\/\/orotest.doppiavvu.it\/index.php?rest_route=\/wp\/v2\/pages"}],"about":[{"href":"https:\/\/orotest.doppiavvu.it\/index.php?rest_route=\/wp\/v2\/types\/page"}],"author":[{"embeddable":true,"href":"https:\/\/orotest.doppiavvu.it\/index.php?rest_route=\/wp\/v2\/users\/1"}],"replies":[{"embeddable":true,"href":"https:\/\/orotest.doppiavvu.it\/index.php?rest_route=%2Fwp%2Fv2%2Fcomments&post=14"}],"version-history":[{"count":5,"href":"https:\/\/orotest.doppiavvu.it\/index.php?rest_route=\/wp\/v2\/pages\/14\/revisions"}],"predecessor-version":[{"id":53,"href":"https:\/\/orotest.doppiavvu.it\/index.php?rest_route=\/wp\/v2\/pages\/14\/revisions\/53"}],"wp:attachment":[{"href":"https:\/\/orotest.doppiavvu.it\/index.php?rest_route=%2Fwp%2Fv2%2Fmedia&parent=14"}],"curies":[{"name":"wp","href":"https:\/\/api.w.org\/{rel}","templated":true}]}}